{"id":4164,"date":"2014-12-09T23:22:55","date_gmt":"2014-12-10T04:22:55","guid":{"rendered":"http:\/\/asfantome.com\/fourruresgrenier\/?page_id=4164"},"modified":"2024-07-30T20:00:31","modified_gmt":"2024-07-31T00:00:31","slug":"technical-specifications","status":"publish","type":"page","link":"https:\/\/www.fourruresgrenier.ca\/en\/technical-specifications","title":{"rendered":"Technical specifications"},"content":{"rendered":"<div id=\"pl-4164\"  class=\"panel-layout\" ><div id=\"pg-4164-0\"  class=\"panel-grid panel-has-style\" ><div class=\"boxed panel-row-style panel-row-style-for-4164-0\" data-stretch-type=\"boxed\" ><div id=\"pgc-4164-0-0\"  class=\"panel-grid-cell\" ><div id=\"panel-4164-0-0-0\" class=\"so-panel widget widget_sow-editor panel-first-child panel-last-child\" data-index=\"0\" ><div\n\t\t\t\n\t\t\tclass=\"so-widget-sow-editor so-widget-sow-editor-base\"\n\t\t\t\n\t\t>\n<div class=\"siteorigin-widget-tinymce textwidget\">\n\t<h2>Technical specifications<\/h2>\n<\/div>\n<\/div><\/div><\/div><\/div><\/div><div id=\"pg-4164-1\"  class=\"panel-grid panel-has-style\" ><div class=\"boxed panel-row-style panel-row-style-for-4164-1\" data-stretch-type=\"boxed\" ><div id=\"pgc-4164-1-0\"  class=\"panel-grid-cell\" ><div id=\"panel-4164-1-0-0\" class=\"so-panel widget widget_sow-image panel-first-child panel-last-child\" data-index=\"1\" ><div\n\t\t\t\n\t\t\tclass=\"so-widget-sow-image so-widget-sow-image-default-8b5b6f678277-4164\"\n\t\t\t\n\t\t><\/div><\/div><\/div><div id=\"pgc-4164-1-1\"  class=\"panel-grid-cell\" ><div id=\"panel-4164-1-1-0\" class=\"so-panel widget widget_sow-editor panel-first-child panel-last-child\" data-index=\"2\" ><div\n\t\t\t\n\t\t\tclass=\"so-widget-sow-editor so-widget-sow-editor-base\"\n\t\t\t\n\t\t>\n<div class=\"siteorigin-widget-tinymce textwidget\">\n\t<h4>1. Fur<\/h4>\n<ul>\n<li>Absolutely no endangered species are used. Natural and biodegradable raw material.<\/li>\n<li>Made of biodegradable natural fur of high quality.<\/li>\n<\/ul>\n<h4>2. Zipper<\/h4>\n<ul>\n<li>Equipped with heavy-duty plastic teeth and an anti-lock device.<\/li>\n<li>Easy and sturdy handling.<\/li>\n<\/ul>\n<h4>3. Finishing seam<\/h4>\n<ul>\n<li>In genuine leather. This seam reduces the wear and tear caused by rubbing.<\/li>\n<\/ul>\n<h4>4. Lace<\/h4>\n<ul>\n<li>Elastic (bungee-style). The laces elasticity prevents the fur from tearing.<\/li>\n<\/ul>\n<h4>5. Eyelets<\/h4>\n<ul>\n<li>Corrosion-resisting steel eyelets and rivets fixed to a piece of genuine leather.<\/li>\n<li>Durable, solid and aesthetic.<\/li>\n<\/ul>\n<h4>6. Lining and removable inner bootie<\/h4>\n<ul>\n<li>Confort, chaleur et respirabilit\u00e9. Comfort, warmth and breathability.<\/li>\n<li>Multilayer laminate comprised of faux fur, polyurethane foam, thermal insulation and polyester, which molds to the foot.<\/li>\n<\/ul>\n<h4>7. Insole<\/h4>\n<ul>\n<li>Plastazote sole. Insulating and shock absorbing.<\/li>\n<\/ul>\n<h4>8. Exclusive sole developed for Fourrures Grenier<\/h4>\n<ul>\n<li>With injected air pockets, giving it exceptional thermal insulation efficiency. Very resistant, flexible and non-slip. Lifetime warranty.<\/li>\n<\/ul>\n<h4>9. Grenier's authenticity<\/h4>\n<ul>\n<li>Grenier\u2019s label on the sole guarantees the authenticity of a top-quality product manufactured in Quebec.<\/li>\n<\/ul>\n<\/div>\n<\/div><\/div><\/div><\/div><\/div><div id=\"pg-4164-2\"  class=\"panel-grid panel-has-style\" ><div class=\"boxed panel-row-style panel-row-style-for-4164-2\" ><div id=\"pgc-4164-2-0\"  class=\"panel-grid-cell\" ><div id=\"panel-4164-2-0-0\" class=\"so-panel widget widget_sow-editor panel-first-child\" data-index=\"3\" ><div\n\t\t\t\n\t\t\tclass=\"so-widget-sow-editor so-widget-sow-editor-base\"\n\t\t\t\n\t\t><h3 class=\"widget-title\">Sizing charts<\/h3>\n<div class=\"siteorigin-widget-tinymce textwidget\">\n\t<h4>Boots<\/h4>\n<p>We recommend you choose the same size you normally wear. For half-sizes, it is recommended to opt for one size up. At fitting, the boot should be very tight without being painful. After wearing them, you will notice that the inner bootie will form to your feet. A boot that is too big will interfere with heat conservation and the comfort.<\/p>\n<\/div>\n<\/div><\/div><div id=\"panel-4164-2-0-1\" class=\"so-panel widget widget_sow-image\" data-index=\"4\" ><div\n\t\t\t\n\t\t\tclass=\"so-widget-sow-image so-widget-sow-image-default-4e6925654b7a-4164\"\n\t\t\t\n\t\t>\n<div class=\"sow-image-container\">\n\t\t<img \n\tsrc=\"https:\/\/www.fourruresgrenier.ca\/wp-content\/uploads\/Fourrures-grenier-boots-table.webp\" width=\"659\" height=\"247\" srcset=\"https:\/\/www.fourruresgrenier.ca\/wp-content\/uploads\/Fourrures-grenier-boots-table.webp 659w, https:\/\/www.fourruresgrenier.ca\/wp-content\/uploads\/Fourrures-grenier-boots-table-300x112.webp 300w, https:\/\/www.fourruresgrenier.ca\/wp-content\/uploads\/Fourrures-grenier-boots-table-520x195.webp 520w, https:\/\/www.fourruresgrenier.ca\/wp-content\/uploads\/Fourrures-grenier-boots-table-500x187.webp 500w\" sizes=\"(max-width: 659px) 100vw, 659px\" alt=\"Fourrures grenier fur boots table\" \t\tclass=\"so-widget-image\"\/>\n\t<\/div>\n\n<\/div><\/div><div id=\"panel-4164-2-0-2\" class=\"so-panel widget widget_sow-editor\" data-index=\"5\" ><div\n\t\t\t\n\t\t\tclass=\"so-widget-sow-editor so-widget-sow-editor-base\"\n\t\t\t\n\t\t>\n<div class=\"siteorigin-widget-tinymce textwidget\">\n\t<h4>Custom-made manufacturing<\/h4>\n<p>If the circumference of your calf is superior to the measure indicated, we will manufacture a custom-made boot for you. To determine the necessary adjustment, put on the boot with the zipper undone, then measure the space between the teeth of the zipper at the largest part of your calf<\/p>\n<\/div>\n<\/div><\/div><div id=\"panel-4164-2-0-3\" class=\"so-panel widget widget_sow-editor\" data-index=\"6\" ><div\n\t\t\t\n\t\t\tclass=\"so-widget-sow-editor so-widget-sow-editor-base\"\n\t\t\t\n\t\t>\n<div class=\"siteorigin-widget-tinymce textwidget\">\n\t<h4>Hats<\/h4>\n<p><a name=\"chapeaux\"><\/a>Place the measuring tape above the ears and measure the circumference of the head while staying as straight as possible.<\/p>\n<\/div>\n<\/div><\/div><div id=\"panel-4164-2-0-4\" class=\"so-panel widget widget_sow-image\" data-index=\"7\" ><div\n\t\t\t\n\t\t\tclass=\"so-widget-sow-image so-widget-sow-image-default-4e6925654b7a-4164\"\n\t\t\t\n\t\t>\n<div class=\"sow-image-container\">\n\t\t<img \n\tsrc=\"https:\/\/www.fourruresgrenier.ca\/wp-content\/uploads\/Fourrures-grenier-hats-table.webp\" width=\"191\" height=\"234\" sizes=\"(max-width: 191px) 100vw, 191px\" alt=\"Fourrures grenier fur hats table\" \t\tclass=\"so-widget-image\"\/>\n\t<\/div>\n\n<\/div><\/div><div id=\"panel-4164-2-0-5\" class=\"so-panel widget widget_sow-editor\" data-index=\"8\" ><div\n\t\t\t\n\t\t\tclass=\"so-widget-sow-editor so-widget-sow-editor-base\"\n\t\t\t\n\t\t>\n<div class=\"siteorigin-widget-tinymce textwidget\">\n\t<h4>City mittens<\/h4>\n<p><a name=\"mitaines\"><\/a>First, measure the circumference of the hand, then the length of the hand from the wrist to the tip the longest finger.<\/p>\n<\/div>\n<\/div><\/div><div id=\"panel-4164-2-0-6\" class=\"so-panel widget widget_sow-image\" data-index=\"9\" ><div\n\t\t\t\n\t\t\tclass=\"so-widget-sow-image so-widget-sow-image-default-4e6925654b7a-4164\"\n\t\t\t\n\t\t>\n<div class=\"sow-image-container\">\n\t\t<img \n\tsrc=\"https:\/\/www.fourruresgrenier.ca\/wp-content\/uploads\/Fourrures-grenier-mittens_town-table.webp\" width=\"309\" height=\"190\" srcset=\"https:\/\/www.fourruresgrenier.ca\/wp-content\/uploads\/Fourrures-grenier-mittens_town-table.webp 309w, https:\/\/www.fourruresgrenier.ca\/wp-content\/uploads\/Fourrures-grenier-mittens_town-table-300x184.webp 300w\" sizes=\"(max-width: 309px) 100vw, 309px\" alt=\"Fourrures grenier fur mittens city table\" \t\tclass=\"so-widget-image\"\/>\n\t<\/div>\n\n<\/div><\/div><div id=\"panel-4164-2-0-7\" class=\"so-panel widget widget_sow-editor\" data-index=\"10\" ><div\n\t\t\t\n\t\t\tclass=\"so-widget-sow-editor so-widget-sow-editor-base\"\n\t\t\t\n\t\t>\n<div class=\"siteorigin-widget-tinymce textwidget\">\n\t<h4>Mittens<\/h4>\n<p><a name=\"mitainesville\"><\/a>First, measure the circumference of the hand, then the length of the hand from the wrist to the tip the longest finger.<\/p>\n<\/div>\n<\/div><\/div><div id=\"panel-4164-2-0-8\" class=\"so-panel widget widget_sow-image\" data-index=\"11\" ><div\n\t\t\t\n\t\t\tclass=\"so-widget-sow-image so-widget-sow-image-default-4e6925654b7a-4164\"\n\t\t\t\n\t\t>\n<div class=\"sow-image-container\">\n\t\t<img \n\tsrc=\"https:\/\/www.fourruresgrenier.ca\/wp-content\/uploads\/Fourrures-grenier-mittens-table.webp\" width=\"547\" height=\"293\" srcset=\"https:\/\/www.fourruresgrenier.ca\/wp-content\/uploads\/Fourrures-grenier-mittens-table.webp 547w, https:\/\/www.fourruresgrenier.ca\/wp-content\/uploads\/Fourrures-grenier-mittens-table-300x161.webp 300w, https:\/\/www.fourruresgrenier.ca\/wp-content\/uploads\/Fourrures-grenier-mittens-table-520x279.webp 520w, https:\/\/www.fourruresgrenier.ca\/wp-content\/uploads\/Fourrures-grenier-mittens-table-500x268.webp 500w\" sizes=\"(max-width: 547px) 100vw, 547px\" alt=\"Fourrures grenier fur mittens table\" \t\tclass=\"so-widget-image\"\/>\n\t<\/div>\n\n<\/div><\/div><div id=\"panel-4164-2-0-9\" class=\"so-panel widget widget_sow-editor\" data-index=\"12\" ><div\n\t\t\t\n\t\t\tclass=\"so-widget-sow-editor so-widget-sow-editor-base\"\n\t\t\t\n\t\t>\n<div class=\"siteorigin-widget-tinymce textwidget\">\n\t<h4>Slippers<\/h4>\n<p><a name=\"pantoufles\"><\/a><\/p>\n<\/div>\n<\/div><\/div><div id=\"panel-4164-2-0-10\" class=\"so-panel widget widget_sow-image\" data-index=\"13\" ><div\n\t\t\t\n\t\t\tclass=\"so-widget-sow-image so-widget-sow-image-default-4e6925654b7a-4164\"\n\t\t\t\n\t\t>\n<div class=\"sow-image-container\">\n\t\t<img \n\tsrc=\"https:\/\/www.fourruresgrenier.ca\/wp-content\/uploads\/Fourrures-grenier-slippers-chalkboard.webp\" width=\"692\" height=\"131\" srcset=\"https:\/\/www.fourruresgrenier.ca\/wp-content\/uploads\/Fourrures-grenier-slippers-chalkboard.webp 692w, https:\/\/www.fourruresgrenier.ca\/wp-content\/uploads\/Fourrures-grenier-slippers-chalkboard-300x57.webp 300w, https:\/\/www.fourruresgrenier.ca\/wp-content\/uploads\/Fourrures-grenier-slippers-chalkboard-520x98.webp 520w, https:\/\/www.fourruresgrenier.ca\/wp-content\/uploads\/Fourrures-grenier-slippers-chalkboard-500x95.webp 500w\" sizes=\"(max-width: 692px) 100vw, 692px\" alt=\"Fourrures grenier fur slippers chalkboard\" \t\tclass=\"so-widget-image\"\/>\n\t<\/div>\n\n<\/div><\/div><div id=\"panel-4164-2-0-11\" class=\"so-panel widget widget_sow-editor\" data-index=\"14\" ><div\n\t\t\t\n\t\t\tclass=\"so-widget-sow-editor so-widget-sow-editor-base\"\n\t\t\t\n\t\t>\n<div class=\"siteorigin-widget-tinymce textwidget\">\n\t<h4>Babies boots<\/h4>\n<p><a name=\"bottesbebes\"><\/a><\/p>\n<\/div>\n<\/div><\/div><div id=\"panel-4164-2-0-12\" class=\"so-panel widget widget_sow-image\" data-index=\"15\" ><div\n\t\t\t\n\t\t\tclass=\"so-widget-sow-image so-widget-sow-image-default-4e6925654b7a-4164\"\n\t\t\t\n\t\t>\n<div class=\"sow-image-container\">\n\t\t<img \n\tsrc=\"https:\/\/www.fourruresgrenier.ca\/wp-content\/uploads\/2014\/11\/grenier-bottes_bebes-tableau.jpg\" width=\"306\" height=\"128\" srcset=\"https:\/\/www.fourruresgrenier.ca\/wp-content\/uploads\/2014\/11\/grenier-bottes_bebes-tableau.jpg 306w, https:\/\/www.fourruresgrenier.ca\/wp-content\/uploads\/2014\/11\/grenier-bottes_bebes-tableau-300x125.jpg 300w\" sizes=\"(max-width: 306px) 100vw, 306px\" alt=\"Tableau - Pointure et hauteur - Bottes\" \t\tclass=\"so-widget-image\"\/>\n\t<\/div>\n\n<\/div><\/div><div id=\"panel-4164-2-0-13\" class=\"so-panel widget widget_sow-editor\" data-index=\"16\" ><div\n\t\t\t\n\t\t\tclass=\"so-widget-sow-editor so-widget-sow-editor-base\"\n\t\t\t\n\t\t>\n<div class=\"siteorigin-widget-tinymce textwidget\">\n\t<h4>Kids boots<\/h4>\n<p><a name=\"bottesenfants\"><\/a><\/p>\n<\/div>\n<\/div><\/div><div id=\"panel-4164-2-0-14\" class=\"so-panel widget widget_sow-image\" data-index=\"17\" ><div\n\t\t\t\n\t\t\tclass=\"so-widget-sow-image so-widget-sow-image-default-4e6925654b7a-4164\"\n\t\t\t\n\t\t>\n<div class=\"sow-image-container\">\n\t\t<img \n\tsrc=\"https:\/\/www.fourruresgrenier.ca\/wp-content\/uploads\/Fourrures-grenier-children-boots-table-1.webp\" width=\"612\" height=\"108\" srcset=\"https:\/\/www.fourruresgrenier.ca\/wp-content\/uploads\/Fourrures-grenier-children-boots-table-1.webp 612w, https:\/\/www.fourruresgrenier.ca\/wp-content\/uploads\/Fourrures-grenier-children-boots-table-1-300x53.webp 300w, https:\/\/www.fourruresgrenier.ca\/wp-content\/uploads\/Fourrures-grenier-children-boots-table-1-520x92.webp 520w, https:\/\/www.fourruresgrenier.ca\/wp-content\/uploads\/Fourrures-grenier-children-boots-table-1-500x88.webp 500w\" sizes=\"(max-width: 612px) 100vw, 612px\" title=\"Fourrures-grenier-children-boots-table\" alt=\"Fourrures grenier baby boots table\" \t\tclass=\"so-widget-image\"\/>\n\t<\/div>\n\n<\/div><\/div><div id=\"panel-4164-2-0-15\" class=\"so-panel widget widget_sow-editor\" data-index=\"18\" ><div\n\t\t\t\n\t\t\tclass=\"so-widget-sow-editor so-widget-sow-editor-base\"\n\t\t\t\n\t\t>\n<div class=\"siteorigin-widget-tinymce textwidget\">\n\t<h4>Kids hats<\/h4>\n<p><a name=\"chapeauxenfants\"><\/a>Placez le ruban \u00e0 mesurer \u00e0 la hauteur du front \u00e0 environ un demi-pouce au-dessus des oreilles et mesurez le tour de t\u00eate en demeurant le plus droit possible.<\/p>\n<\/div>\n<\/div><\/div><div id=\"panel-4164-2-0-16\" class=\"so-panel widget widget_sow-image\" data-index=\"19\" ><div\n\t\t\t\n\t\t\tclass=\"so-widget-sow-image so-widget-sow-image-default-4e6925654b7a-4164\"\n\t\t\t\n\t\t>\n<div class=\"sow-image-container\">\n\t\t<img \n\tsrc=\"https:\/\/www.fourruresgrenier.ca\/wp-content\/uploads\/Fourrures-grenier-children-hats-table.webp\" width=\"291\" height=\"97\" sizes=\"(max-width: 291px) 100vw, 291px\" alt=\"Fourrures grenier children fur boots table\" \t\tclass=\"so-widget-image\"\/>\n\t<\/div>\n\n<\/div><\/div><div id=\"panel-4164-2-0-17\" class=\"so-panel widget widget_sow-editor\" data-index=\"20\" ><div\n\t\t\t\n\t\t\tclass=\"so-widget-sow-editor so-widget-sow-editor-base\"\n\t\t\t\n\t\t>\n<div class=\"siteorigin-widget-tinymce textwidget\">\n\t<h4>Kids mittens<\/h4>\n<p><a name=\"mitainesenfants\"><\/a>Mesurez d\u2019abord le tour de la main, puis la longueur de la main du poignet jusqu\u2019\u00e0 l\u2019extr\u00e9mit\u00e9 du majeur.<\/p>\n<\/div>\n<\/div><\/div><div id=\"panel-4164-2-0-18\" class=\"so-panel widget widget_sow-image panel-last-child\" data-index=\"21\" ><div\n\t\t\t\n\t\t\tclass=\"so-widget-sow-image so-widget-sow-image-default-4e6925654b7a-4164\"\n\t\t\t\n\t\t>\n<div class=\"sow-image-container\">\n\t\t<img \n\tsrc=\"https:\/\/www.fourruresgrenier.ca\/wp-content\/uploads\/Fourrures-grenier-children_mittens-table.webp\" width=\"292\" height=\"261\" sizes=\"(max-width: 292px) 100vw, 292px\" alt=\"Fourrures grenier children fur hats table\" \t\tclass=\"so-widget-image\"\/>\n\t<\/div>\n\n<\/div><\/div><\/div><\/div><\/div><\/div>","protected":false},"excerpt":{"rendered":"<p>Technical specifications 1. Fur Absolutely no endangered species are used. Natural and biodegradable raw material. Made of biodegradable natural fur of high quality. 2. Zipper Equipped with heavy-duty plastic teeth and an anti-lock device. Easy and sturdy handling. 3. Finishing seam In genuine leather. This seam reduces the wear and tear caused by rubbing. 4. [&hellip;]<\/p>\n","protected":false},"author":11,"featured_media":0,"parent":0,"menu_order":0,"comment_status":"closed","ping_status":"open","template":"","meta":{"_acf_changed":false,"footnotes":""},"class_list":["post-4164","page","type-page","status-publish","hentry"],"acf":[],"yoast_head":"<!-- This site is optimized with the Yoast SEO plugin v27.0 - https:\/\/yoast.com\/product\/yoast-seo-wordpress\/ -->\n<title>Bottes Fourrures Grenier | Sp\u00e9cifications techniques | du Canada<\/title>\n<meta name=\"robots\" content=\"index, follow, max-snippet:-1, max-image-preview:large, max-video-preview:-1\" \/>\n<link rel=\"canonical\" href=\"https:\/\/www.fourruresgrenier.ca\/en\/technical-specifications\" \/>\n<meta property=\"og:locale\" content=\"en_US\" \/>\n<meta property=\"og:type\" content=\"article\" \/>\n<meta property=\"og:title\" content=\"Bottes Fourrures Grenier | Sp\u00e9cifications techniques | du Canada\" \/>\n<meta property=\"og:description\" content=\"Technical specifications 1. Fur Absolutely no endangered species are used. Natural and biodegradable raw material. Made of biodegradable natural fur of high quality. 2. Zipper Equipped with heavy-duty plastic teeth and an anti-lock device. Easy and sturdy handling. 3. Finishing seam In genuine leather. This seam reduces the wear and tear caused by rubbing. 4. [&hellip;]\" \/>\n<meta property=\"og:url\" content=\"https:\/\/www.fourruresgrenier.ca\/en\/technical-specifications\" \/>\n<meta property=\"og:site_name\" content=\"Fourrures Grenier\" \/>\n<meta property=\"article:publisher\" content=\"https:\/\/business.facebook.com\/FourruresGrenierManufacture\" \/>\n<meta property=\"article:modified_time\" content=\"2024-07-31T00:00:31+00:00\" \/>\n<meta property=\"og:image\" content=\"https:\/\/www.fourruresgrenier.ca\/wp-content\/uploads\/bottes-en-loup-marin-Maria-duo.jpg\" \/>\n<meta name=\"twitter:card\" content=\"summary_large_image\" \/>\n<meta name=\"twitter:site\" content=\"@fourruregrenier\" \/>\n<meta name=\"twitter:label1\" content=\"Est. reading time\" \/>\n\t<meta name=\"twitter:data1\" content=\"5 minutes\" \/>\n<script type=\"application\/ld+json\" class=\"yoast-schema-graph\">{\"@context\":\"https:\/\/schema.org\",\"@graph\":[{\"@type\":\"WebPage\",\"@id\":\"https:\/\/www.fourruresgrenier.ca\/en\/technical-specifications\",\"url\":\"https:\/\/www.fourruresgrenier.ca\/en\/technical-specifications\",\"name\":\"Bottes Fourrures Grenier | Sp\u00e9cifications techniques | du Canada\",\"isPartOf\":{\"@id\":\"https:\/\/www.fourruresgrenier.ca\/#website\"},\"datePublished\":\"2014-12-10T04:22:55+00:00\",\"dateModified\":\"2024-07-31T00:00:31+00:00\",\"breadcrumb\":{\"@id\":\"https:\/\/www.fourruresgrenier.ca\/en\/technical-specifications#breadcrumb\"},\"inLanguage\":\"en-CA\",\"potentialAction\":[{\"@type\":\"ReadAction\",\"target\":[\"https:\/\/www.fourruresgrenier.ca\/en\/technical-specifications\"]}]},{\"@type\":\"BreadcrumbList\",\"@id\":\"https:\/\/www.fourruresgrenier.ca\/en\/technical-specifications#breadcrumb\",\"itemListElement\":[{\"@type\":\"ListItem\",\"position\":1,\"name\":\"Accueil\",\"item\":\"https:\/\/www.fourruresgrenier.ca\/en\"},{\"@type\":\"ListItem\",\"position\":2,\"name\":\"Technical specifications\"}]},{\"@type\":\"WebSite\",\"@id\":\"https:\/\/www.fourruresgrenier.ca\/#website\",\"url\":\"https:\/\/www.fourruresgrenier.ca\/\",\"name\":\"Fourrures Grenier\",\"description\":\"Fourrures Grenier, un savoir-faire unique depuis 1970.\",\"publisher\":{\"@id\":\"https:\/\/www.fourruresgrenier.ca\/#organization\"},\"potentialAction\":[{\"@type\":\"SearchAction\",\"target\":{\"@type\":\"EntryPoint\",\"urlTemplate\":\"https:\/\/www.fourruresgrenier.ca\/?s={search_term_string}\"},\"query-input\":{\"@type\":\"PropertyValueSpecification\",\"valueRequired\":true,\"valueName\":\"search_term_string\"}}],\"inLanguage\":\"en-CA\"},{\"@type\":\"Organization\",\"@id\":\"https:\/\/www.fourruresgrenier.ca\/#organization\",\"name\":\"Fourrures Grenier\",\"url\":\"https:\/\/www.fourruresgrenier.ca\/\",\"logo\":{\"@type\":\"ImageObject\",\"inLanguage\":\"en-CA\",\"@id\":\"https:\/\/www.fourruresgrenier.ca\/#\/schema\/logo\/image\/\",\"url\":\"\",\"contentUrl\":\"\",\"caption\":\"Fourrures Grenier\"},\"image\":{\"@id\":\"https:\/\/www.fourruresgrenier.ca\/#\/schema\/logo\/image\/\"},\"sameAs\":[\"https:\/\/business.facebook.com\/FourruresGrenierManufacture\",\"https:\/\/x.com\/fourruregrenier\",\"https:\/\/www.instagram.com\/fourruresgrenier\/\",\"https:\/\/www.pinterest.fr\/fourruresgrenier\/\",\"https:\/\/www.youtube.com\/channel\/UC0Ww3pH--J09GFzynn95lNg\"]}]}<\/script>\n<!-- \/ Yoast SEO plugin. -->","yoast_head_json":{"title":"Bottes Fourrures Grenier | Sp\u00e9cifications techniques | du Canada","robots":{"index":"index","follow":"follow","max-snippet":"max-snippet:-1","max-image-preview":"max-image-preview:large","max-video-preview":"max-video-preview:-1"},"canonical":"https:\/\/www.fourruresgrenier.ca\/en\/technical-specifications","og_locale":"en_US","og_type":"article","og_title":"Bottes Fourrures Grenier | Sp\u00e9cifications techniques | du Canada","og_description":"Technical specifications 1. Fur Absolutely no endangered species are used. Natural and biodegradable raw material. Made of biodegradable natural fur of high quality. 2. Zipper Equipped with heavy-duty plastic teeth and an anti-lock device. Easy and sturdy handling. 3. Finishing seam In genuine leather. This seam reduces the wear and tear caused by rubbing. 4. [&hellip;]","og_url":"https:\/\/www.fourruresgrenier.ca\/en\/technical-specifications","og_site_name":"Fourrures Grenier","article_publisher":"https:\/\/business.facebook.com\/FourruresGrenierManufacture","article_modified_time":"2024-07-31T00:00:31+00:00","og_image":[{"url":"https:\/\/www.fourruresgrenier.ca\/wp-content\/uploads\/bottes-en-loup-marin-Maria-duo.jpg","type":"","width":"","height":""}],"twitter_card":"summary_large_image","twitter_site":"@fourruregrenier","twitter_misc":{"Est. reading time":"5 minutes"},"schema":{"@context":"https:\/\/schema.org","@graph":[{"@type":"WebPage","@id":"https:\/\/www.fourruresgrenier.ca\/en\/technical-specifications","url":"https:\/\/www.fourruresgrenier.ca\/en\/technical-specifications","name":"Bottes Fourrures Grenier | Sp\u00e9cifications techniques | du Canada","isPartOf":{"@id":"https:\/\/www.fourruresgrenier.ca\/#website"},"datePublished":"2014-12-10T04:22:55+00:00","dateModified":"2024-07-31T00:00:31+00:00","breadcrumb":{"@id":"https:\/\/www.fourruresgrenier.ca\/en\/technical-specifications#breadcrumb"},"inLanguage":"en-CA","potentialAction":[{"@type":"ReadAction","target":["https:\/\/www.fourruresgrenier.ca\/en\/technical-specifications"]}]},{"@type":"BreadcrumbList","@id":"https:\/\/www.fourruresgrenier.ca\/en\/technical-specifications#breadcrumb","itemListElement":[{"@type":"ListItem","position":1,"name":"Accueil","item":"https:\/\/www.fourruresgrenier.ca\/en"},{"@type":"ListItem","position":2,"name":"Technical specifications"}]},{"@type":"WebSite","@id":"https:\/\/www.fourruresgrenier.ca\/#website","url":"https:\/\/www.fourruresgrenier.ca\/","name":"Fourrures Grenier","description":"Fourrures Grenier, un savoir-faire unique depuis 1970.","publisher":{"@id":"https:\/\/www.fourruresgrenier.ca\/#organization"},"potentialAction":[{"@type":"SearchAction","target":{"@type":"EntryPoint","urlTemplate":"https:\/\/www.fourruresgrenier.ca\/?s={search_term_string}"},"query-input":{"@type":"PropertyValueSpecification","valueRequired":true,"valueName":"search_term_string"}}],"inLanguage":"en-CA"},{"@type":"Organization","@id":"https:\/\/www.fourruresgrenier.ca\/#organization","name":"Fourrures Grenier","url":"https:\/\/www.fourruresgrenier.ca\/","logo":{"@type":"ImageObject","inLanguage":"en-CA","@id":"https:\/\/www.fourruresgrenier.ca\/#\/schema\/logo\/image\/","url":"","contentUrl":"","caption":"Fourrures Grenier"},"image":{"@id":"https:\/\/www.fourruresgrenier.ca\/#\/schema\/logo\/image\/"},"sameAs":["https:\/\/business.facebook.com\/FourruresGrenierManufacture","https:\/\/x.com\/fourruregrenier","https:\/\/www.instagram.com\/fourruresgrenier\/","https:\/\/www.pinterest.fr\/fourruresgrenier\/","https:\/\/www.youtube.com\/channel\/UC0Ww3pH--J09GFzynn95lNg"]}]}},"_links":{"self":[{"href":"https:\/\/www.fourruresgrenier.ca\/en\/wp-json\/wp\/v2\/pages\/4164","targetHints":{"allow":["GET"]}}],"collection":[{"href":"https:\/\/www.fourruresgrenier.ca\/en\/wp-json\/wp\/v2\/pages"}],"about":[{"href":"https:\/\/www.fourruresgrenier.ca\/en\/wp-json\/wp\/v2\/types\/page"}],"author":[{"embeddable":true,"href":"https:\/\/www.fourruresgrenier.ca\/en\/wp-json\/wp\/v2\/users\/11"}],"replies":[{"embeddable":true,"href":"https:\/\/www.fourruresgrenier.ca\/en\/wp-json\/wp\/v2\/comments?post=4164"}],"version-history":[{"count":11,"href":"https:\/\/www.fourruresgrenier.ca\/en\/wp-json\/wp\/v2\/pages\/4164\/revisions"}],"predecessor-version":[{"id":150919,"href":"https:\/\/www.fourruresgrenier.ca\/en\/wp-json\/wp\/v2\/pages\/4164\/revisions\/150919"}],"wp:attachment":[{"href":"https:\/\/www.fourruresgrenier.ca\/en\/wp-json\/wp\/v2\/media?parent=4164"}],"curies":[{"name":"wp","href":"https:\/\/api.w.org\/{rel}","templated":true}]}}