{"id":116042,"date":"2022-10-27T16:35:21","date_gmt":"2022-10-27T20:35:21","guid":{"rendered":"https:\/\/www.fourruresgrenier.ca\/?post_type=product&#038;p=116042"},"modified":"2025-01-27T22:25:49","modified_gmt":"2025-01-28T03:25:49","slug":"knit-toque-lily-copie","status":"publish","type":"product","link":"https:\/\/www.fourruresgrenier.ca\/en\/product\/women-fur-products\/pompon-beanie-women-fur\/knit-toque-lily-copie","title":{"rendered":"Knit Toque &#8211; Lily"},"content":{"rendered":"<h5><span style=\"color: #999999;\">Knit Toque &#8211; Lily<\/span><\/h5>\n<p><span style=\"color: #008080;\"><strong>The knit toque Lily is a classic and feminine model that will quickly become a must-have to your wardrobe. It will keep you warm all through the cold season with its folded rib knit hem at the ears! The lined knit details will add a touch of style to your winter outfit.<\/strong><\/span><\/p>\n<p>Add a <a href=\"https:\/\/www.fourruresgrenier.ca\/en\/product\/women-fur-products\/fur-accessories-for-women\/pompon-fur-big\">big pompom<\/a> or a <a href=\"https:\/\/www.fourruresgrenier.ca\/en\/product\/women-fur-products\/fur-accessories-for-women\/pom-pom-real-fur\">classic fur pompom<\/a> to the winter hat. The Grenier pompoms have a pin\u00a0to allow you to remove or change them as you wish. They are available in a wide range of colors and furs.<\/p>\n<ul>\n<li>Composition: 50% acrylic \/ 50% wool<\/li>\n<li>Lined in polar<\/li>\n<li>Folded edge at the ears for more warmth<\/li>\n<li>Wooden button with Fourrures Grenier logo<\/li>\n<li>Made in Canada<\/li>\n<\/ul>\n<p>The black Lily tuque has a small gold plate bearing the &#8220;Grenier&#8221; logo<\/p>\n<p>Take a look to the many models of winter hats from the Grenier collection!<span style=\"font-size: 1.3rem;\">\u00a0<\/span><\/p>\n<p>Women&#8217;s Models: <a href=\"https:\/\/www.fourruresgrenier.ca\/en\/product\/women-fur-products\/pompon-beanie-women-fur\/pompoms-fur-hats-lorie\">Lorie<\/a>,<a href=\"https:\/\/www.fourruresgrenier.ca\/en\/product\/women-fur-products\/pompon-beanie-women-fur\/pompom-fur-hat-ariane\"> Ariane<\/a>, <a href=\"https:\/\/www.fourruresgrenier.ca\/en\/product\/women-fur-products\/pompon-beanie-women-fur\/pom-pom-fur-hat-alice\">Alice<\/a>, <a href=\"https:\/\/www.fourruresgrenier.ca\/en\/product\/kid-beanie\/kids-beanies\/beanie-pompom-grenier\">Classic Grenier<\/a><\/p>\n<p>Men&#8217;s Models: <a href=\"https:\/\/www.fourruresgrenier.ca\/en\/product\/mens-products\/hats-and-beanies-for-men\/mens-hats-victor\">Victor<\/a>, <a href=\"https:\/\/www.fourruresgrenier.ca\/en\/product\/mens-products\/hats-and-beanies-for-men\/beanies-for-men-justin\">Justin<\/a><\/p>\n","protected":false},"excerpt":{"rendered":"<p>This model is one size only and fits to children from 8 years old.<\/p>\n","protected":false},"featured_media":116014,"comment_status":"open","ping_status":"closed","template":"","meta":{"_acf_changed":false},"product_brand":[],"product_cat":[1523,1526,341,989],"product_tag":[],"class_list":{"0":"post-116042","1":"product","2":"type-product","3":"status-publish","4":"has-post-thumbnail","6":"product_cat-fourrures-grenier-city-products","7":"product_cat-new-fourrures-grenier","8":"product_cat-women-fur-products","9":"product_cat-pompon-beanie-women-fur","10":"pa_couleurtuque-black","12":"first","13":"outofstock","14":"taxable","15":"shipping-taxable","16":"purchasable","17":"product-type-simple"},"acf":[],"yoast_head":"<!-- This site is optimized with the Yoast SEO plugin v27.0 - https:\/\/yoast.com\/product\/yoast-seo-wordpress\/ -->\n<title>Knit Toque Model LILY for Women - Made in Canada | FG<\/title>\n<meta name=\"description\" content=\"Discover the warm knit toque Lily from the Grenier collection! Available in three colors, add a fur pompom of your choice. Shop now!\" \/>\n<meta name=\"robots\" content=\"index, follow, max-snippet:-1, max-image-preview:large, max-video-preview:-1\" \/>\n<link rel=\"canonical\" href=\"https:\/\/www.fourruresgrenier.ca\/en\/product\/women-fur-products\/pompon-beanie-women-fur\/knit-toque-lily-copie\" \/>\n<meta property=\"og:locale\" content=\"en_US\" \/>\n<meta property=\"og:type\" content=\"article\" \/>\n<meta property=\"og:title\" content=\"Knit Toque Model LILY for Women - Made in Canada | FG\" \/>\n<meta property=\"og:description\" content=\"Discover the warm knit toque Lily from the Grenier collection! Available in three colors, add a fur pompom of your choice. Shop now!\" \/>\n<meta property=\"og:url\" content=\"https:\/\/www.fourruresgrenier.ca\/en\/product\/women-fur-products\/pompon-beanie-women-fur\/knit-toque-lily-copie\" \/>\n<meta property=\"og:site_name\" content=\"Fourrures Grenier\" \/>\n<meta property=\"article:publisher\" content=\"https:\/\/business.facebook.com\/FourruresGrenierManufacture\" \/>\n<meta property=\"article:modified_time\" content=\"2025-01-28T03:25:49+00:00\" \/>\n<meta property=\"og:image\" content=\"https:\/\/www.fourruresgrenier.ca\/wp-content\/uploads\/Lily-Noir-sans-pompon.jpg\" \/>\n\t<meta property=\"og:image:width\" content=\"1000\" \/>\n\t<meta property=\"og:image:height\" content=\"1000\" \/>\n\t<meta property=\"og:image:type\" content=\"image\/jpeg\" \/>\n<meta name=\"twitter:card\" content=\"summary_large_image\" \/>\n<meta name=\"twitter:site\" content=\"@fourruregrenier\" \/>\n<meta name=\"twitter:label1\" content=\"Est. reading time\" \/>\n\t<meta name=\"twitter:data1\" content=\"1 minute\" \/>\n<script type=\"application\/ld+json\" class=\"yoast-schema-graph\">{\"@context\":\"https:\/\/schema.org\",\"@graph\":[{\"@type\":\"WebPage\",\"@id\":\"https:\/\/www.fourruresgrenier.ca\/en\/product\/women-fur-products\/pompon-beanie-women-fur\/knit-toque-lily-copie\",\"url\":\"https:\/\/www.fourruresgrenier.ca\/en\/product\/women-fur-products\/pompon-beanie-women-fur\/knit-toque-lily-copie\",\"name\":\"Knit Toque Model LILY for Women - Made in Canada | FG\",\"isPartOf\":{\"@id\":\"https:\/\/www.fourruresgrenier.ca\/#website\"},\"primaryImageOfPage\":{\"@id\":\"https:\/\/www.fourruresgrenier.ca\/en\/product\/women-fur-products\/pompon-beanie-women-fur\/knit-toque-lily-copie#primaryimage\"},\"image\":{\"@id\":\"https:\/\/www.fourruresgrenier.ca\/en\/product\/women-fur-products\/pompon-beanie-women-fur\/knit-toque-lily-copie#primaryimage\"},\"thumbnailUrl\":\"https:\/\/www.fourruresgrenier.ca\/wp-content\/uploads\/Lily-Noir-sans-pompon.jpg\",\"datePublished\":\"2022-10-27T20:35:21+00:00\",\"dateModified\":\"2025-01-28T03:25:49+00:00\",\"description\":\"Discover the warm knit toque Lily from the Grenier collection! Available in three colors, add a fur pompom of your choice. Shop now!\",\"breadcrumb\":{\"@id\":\"https:\/\/www.fourruresgrenier.ca\/en\/product\/women-fur-products\/pompon-beanie-women-fur\/knit-toque-lily-copie#breadcrumb\"},\"inLanguage\":\"en-CA\",\"potentialAction\":[{\"@type\":\"ReadAction\",\"target\":[\"https:\/\/www.fourruresgrenier.ca\/en\/product\/women-fur-products\/pompon-beanie-women-fur\/knit-toque-lily-copie\"]}]},{\"@type\":\"ImageObject\",\"inLanguage\":\"en-CA\",\"@id\":\"https:\/\/www.fourruresgrenier.ca\/en\/product\/women-fur-products\/pompon-beanie-women-fur\/knit-toque-lily-copie#primaryimage\",\"url\":\"https:\/\/www.fourruresgrenier.ca\/wp-content\/uploads\/Lily-Noir-sans-pompon.jpg\",\"contentUrl\":\"https:\/\/www.fourruresgrenier.ca\/wp-content\/uploads\/Lily-Noir-sans-pompon.jpg\",\"width\":1000,\"height\":1000,\"caption\":\"Tuque noire classique mod\u00e8le Lily, fabriqu\u00e9e au Qu\u00e9bec et vendue par Fourrures Grenier.\"},{\"@type\":\"BreadcrumbList\",\"@id\":\"https:\/\/www.fourruresgrenier.ca\/en\/product\/women-fur-products\/pompon-beanie-women-fur\/knit-toque-lily-copie#breadcrumb\",\"itemListElement\":[{\"@type\":\"ListItem\",\"position\":1,\"name\":\"Accueil\",\"item\":\"https:\/\/www.fourruresgrenier.ca\/en\"},{\"@type\":\"ListItem\",\"position\":2,\"name\":\"Shop\",\"item\":\"https:\/\/www.fourruresgrenier.ca\/en\/shop\"},{\"@type\":\"ListItem\",\"position\":3,\"name\":\"Knit Toque &#8211; Lily\"}]},{\"@type\":\"WebSite\",\"@id\":\"https:\/\/www.fourruresgrenier.ca\/#website\",\"url\":\"https:\/\/www.fourruresgrenier.ca\/\",\"name\":\"Fourrures Grenier\",\"description\":\"Fourrures Grenier, un savoir-faire unique depuis 1970.\",\"publisher\":{\"@id\":\"https:\/\/www.fourruresgrenier.ca\/#organization\"},\"potentialAction\":[{\"@type\":\"SearchAction\",\"target\":{\"@type\":\"EntryPoint\",\"urlTemplate\":\"https:\/\/www.fourruresgrenier.ca\/?s={search_term_string}\"},\"query-input\":{\"@type\":\"PropertyValueSpecification\",\"valueRequired\":true,\"valueName\":\"search_term_string\"}}],\"inLanguage\":\"en-CA\"},{\"@type\":\"Organization\",\"@id\":\"https:\/\/www.fourruresgrenier.ca\/#organization\",\"name\":\"Fourrures Grenier\",\"url\":\"https:\/\/www.fourruresgrenier.ca\/\",\"logo\":{\"@type\":\"ImageObject\",\"inLanguage\":\"en-CA\",\"@id\":\"https:\/\/www.fourruresgrenier.ca\/#\/schema\/logo\/image\/\",\"url\":\"\",\"contentUrl\":\"\",\"caption\":\"Fourrures Grenier\"},\"image\":{\"@id\":\"https:\/\/www.fourruresgrenier.ca\/#\/schema\/logo\/image\/\"},\"sameAs\":[\"https:\/\/business.facebook.com\/FourruresGrenierManufacture\",\"https:\/\/x.com\/fourruregrenier\",\"https:\/\/www.instagram.com\/fourruresgrenier\/\",\"https:\/\/www.pinterest.fr\/fourruresgrenier\/\",\"https:\/\/www.youtube.com\/channel\/UC0Ww3pH--J09GFzynn95lNg\"]}]}<\/script>\n<!-- \/ Yoast SEO plugin. -->","yoast_head_json":{"title":"Knit Toque Model LILY for Women - Made in Canada | FG","description":"Discover the warm knit toque Lily from the Grenier collection! Available in three colors, add a fur pompom of your choice. Shop now!","robots":{"index":"index","follow":"follow","max-snippet":"max-snippet:-1","max-image-preview":"max-image-preview:large","max-video-preview":"max-video-preview:-1"},"canonical":"https:\/\/www.fourruresgrenier.ca\/en\/product\/women-fur-products\/pompon-beanie-women-fur\/knit-toque-lily-copie","og_locale":"en_US","og_type":"article","og_title":"Knit Toque Model LILY for Women - Made in Canada | FG","og_description":"Discover the warm knit toque Lily from the Grenier collection! Available in three colors, add a fur pompom of your choice. Shop now!","og_url":"https:\/\/www.fourruresgrenier.ca\/en\/product\/women-fur-products\/pompon-beanie-women-fur\/knit-toque-lily-copie","og_site_name":"Fourrures Grenier","article_publisher":"https:\/\/business.facebook.com\/FourruresGrenierManufacture","article_modified_time":"2025-01-28T03:25:49+00:00","og_image":[{"width":1000,"height":1000,"url":"https:\/\/www.fourruresgrenier.ca\/wp-content\/uploads\/Lily-Noir-sans-pompon.jpg","type":"image\/jpeg"}],"twitter_card":"summary_large_image","twitter_site":"@fourruregrenier","twitter_misc":{"Est. reading time":"1 minute"},"schema":{"@context":"https:\/\/schema.org","@graph":[{"@type":"WebPage","@id":"https:\/\/www.fourruresgrenier.ca\/en\/product\/women-fur-products\/pompon-beanie-women-fur\/knit-toque-lily-copie","url":"https:\/\/www.fourruresgrenier.ca\/en\/product\/women-fur-products\/pompon-beanie-women-fur\/knit-toque-lily-copie","name":"Knit Toque Model LILY for Women - Made in Canada | FG","isPartOf":{"@id":"https:\/\/www.fourruresgrenier.ca\/#website"},"primaryImageOfPage":{"@id":"https:\/\/www.fourruresgrenier.ca\/en\/product\/women-fur-products\/pompon-beanie-women-fur\/knit-toque-lily-copie#primaryimage"},"image":{"@id":"https:\/\/www.fourruresgrenier.ca\/en\/product\/women-fur-products\/pompon-beanie-women-fur\/knit-toque-lily-copie#primaryimage"},"thumbnailUrl":"https:\/\/www.fourruresgrenier.ca\/wp-content\/uploads\/Lily-Noir-sans-pompon.jpg","datePublished":"2022-10-27T20:35:21+00:00","dateModified":"2025-01-28T03:25:49+00:00","description":"Discover the warm knit toque Lily from the Grenier collection! Available in three colors, add a fur pompom of your choice. Shop now!","breadcrumb":{"@id":"https:\/\/www.fourruresgrenier.ca\/en\/product\/women-fur-products\/pompon-beanie-women-fur\/knit-toque-lily-copie#breadcrumb"},"inLanguage":"en-CA","potentialAction":[{"@type":"ReadAction","target":["https:\/\/www.fourruresgrenier.ca\/en\/product\/women-fur-products\/pompon-beanie-women-fur\/knit-toque-lily-copie"]}]},{"@type":"ImageObject","inLanguage":"en-CA","@id":"https:\/\/www.fourruresgrenier.ca\/en\/product\/women-fur-products\/pompon-beanie-women-fur\/knit-toque-lily-copie#primaryimage","url":"https:\/\/www.fourruresgrenier.ca\/wp-content\/uploads\/Lily-Noir-sans-pompon.jpg","contentUrl":"https:\/\/www.fourruresgrenier.ca\/wp-content\/uploads\/Lily-Noir-sans-pompon.jpg","width":1000,"height":1000,"caption":"Tuque noire classique mod\u00e8le Lily, fabriqu\u00e9e au Qu\u00e9bec et vendue par Fourrures Grenier."},{"@type":"BreadcrumbList","@id":"https:\/\/www.fourruresgrenier.ca\/en\/product\/women-fur-products\/pompon-beanie-women-fur\/knit-toque-lily-copie#breadcrumb","itemListElement":[{"@type":"ListItem","position":1,"name":"Accueil","item":"https:\/\/www.fourruresgrenier.ca\/en"},{"@type":"ListItem","position":2,"name":"Shop","item":"https:\/\/www.fourruresgrenier.ca\/en\/shop"},{"@type":"ListItem","position":3,"name":"Knit Toque &#8211; Lily"}]},{"@type":"WebSite","@id":"https:\/\/www.fourruresgrenier.ca\/#website","url":"https:\/\/www.fourruresgrenier.ca\/","name":"Fourrures Grenier","description":"Fourrures Grenier, un savoir-faire unique depuis 1970.","publisher":{"@id":"https:\/\/www.fourruresgrenier.ca\/#organization"},"potentialAction":[{"@type":"SearchAction","target":{"@type":"EntryPoint","urlTemplate":"https:\/\/www.fourruresgrenier.ca\/?s={search_term_string}"},"query-input":{"@type":"PropertyValueSpecification","valueRequired":true,"valueName":"search_term_string"}}],"inLanguage":"en-CA"},{"@type":"Organization","@id":"https:\/\/www.fourruresgrenier.ca\/#organization","name":"Fourrures Grenier","url":"https:\/\/www.fourruresgrenier.ca\/","logo":{"@type":"ImageObject","inLanguage":"en-CA","@id":"https:\/\/www.fourruresgrenier.ca\/#\/schema\/logo\/image\/","url":"","contentUrl":"","caption":"Fourrures Grenier"},"image":{"@id":"https:\/\/www.fourruresgrenier.ca\/#\/schema\/logo\/image\/"},"sameAs":["https:\/\/business.facebook.com\/FourruresGrenierManufacture","https:\/\/x.com\/fourruregrenier","https:\/\/www.instagram.com\/fourruresgrenier\/","https:\/\/www.pinterest.fr\/fourruresgrenier\/","https:\/\/www.youtube.com\/channel\/UC0Ww3pH--J09GFzynn95lNg"]}]}},"_links":{"self":[{"href":"https:\/\/www.fourruresgrenier.ca\/en\/wp-json\/wp\/v2\/product\/116042","targetHints":{"allow":["GET"]}}],"collection":[{"href":"https:\/\/www.fourruresgrenier.ca\/en\/wp-json\/wp\/v2\/product"}],"about":[{"href":"https:\/\/www.fourruresgrenier.ca\/en\/wp-json\/wp\/v2\/types\/product"}],"replies":[{"embeddable":true,"href":"https:\/\/www.fourruresgrenier.ca\/en\/wp-json\/wp\/v2\/comments?post=116042"}],"wp:featuredmedia":[{"embeddable":true,"href":"https:\/\/www.fourruresgrenier.ca\/en\/wp-json\/wp\/v2\/media\/116014"}],"wp:attachment":[{"href":"https:\/\/www.fourruresgrenier.ca\/en\/wp-json\/wp\/v2\/media?parent=116042"}],"wp:term":[{"taxonomy":"product_brand","embeddable":true,"href":"https:\/\/www.fourruresgrenier.ca\/en\/wp-json\/wp\/v2\/product_brand?post=116042"},{"taxonomy":"product_cat","embeddable":true,"href":"https:\/\/www.fourruresgrenier.ca\/en\/wp-json\/wp\/v2\/product_cat?post=116042"},{"taxonomy":"product_tag","embeddable":true,"href":"https:\/\/www.fourruresgrenier.ca\/en\/wp-json\/wp\/v2\/product_tag?post=116042"}],"curies":[{"name":"wp","href":"https:\/\/api.w.org\/{rel}","templated":true}]}}